{"id":5013,"date":"2026-01-31T21:04:39","date_gmt":"2026-01-31T20:04:39","guid":{"rendered":"https:\/\/innovacore.group\/?page_id=5013"},"modified":"2026-03-14T11:20:31","modified_gmt":"2026-03-14T10:20:31","slug":"accessibility","status":"publish","type":"page","link":"https:\/\/innovacore.group\/es\/accessibility\/","title":{"rendered":"Accessibility"},"content":{"rendered":"\t\t<div data-elementor-type=\"wp-page\" data-elementor-id=\"5013\" class=\"elementor elementor-5013 elementor-4257\" data-elementor-post-type=\"page\">\n\t\t\t\t<div class=\"elementor-element elementor-element-bbff071 e-con-full hero-trigger e-flex e-con e-parent\" data-id=\"bbff071\" data-element_type=\"container\" data-e-type=\"container\" data-settings=\"{&quot;background_background&quot;:&quot;classic&quot;}\">\n\t\t<div class=\"elementor-element elementor-element-aa88a87 e-con-full animated-background e-flex e-con e-child\" data-id=\"aa88a87\" data-element_type=\"container\" data-e-type=\"container\" data-settings=\"{&quot;background_background&quot;:&quot;classic&quot;}\">\n\t\t<div class=\"elementor-element elementor-element-4836489 e-con-full e-flex e-con e-child\" data-id=\"4836489\" data-element_type=\"container\" data-e-type=\"container\">\n\t\t\t\t<div class=\"elementor-element elementor-element-961c7de elementor-widget elementor-widget-heading\" data-id=\"961c7de\" data-element_type=\"widget\" data-e-type=\"widget\" data-widget_type=\"heading.default\">\n\t\t\t\t\t<h1 class=\"elementor-heading-title elementor-size-default\">Accessibility<\/h1>\t\t\t\t<\/div>\n\t\t<div class=\"elementor-element elementor-element-df5c94b e-con-full e-flex e-con e-child\" data-id=\"df5c94b\" data-element_type=\"container\" data-e-type=\"container\">\n\t\t\t\t<div class=\"elementor-element elementor-element-4459601 elementor-widget elementor-widget-button\" data-id=\"4459601\" data-element_type=\"widget\" data-e-type=\"widget\" data-widget_type=\"button.default\">\n\t\t\t\t\t\t\t\t\t\t<a class=\"elementor-button elementor-button-link elementor-size-sm\" href=\"https:\/\/innovacore.group\/es\/\">\n\t\t\t\t\t\t<span class=\"elementor-button-content-wrapper\">\n\t\t\t\t\t\t\t\t\t<span class=\"elementor-button-text\">VOLVER A LA P\u00c1GINA DE INICIO<\/span>\n\t\t\t\t\t<\/span>\n\t\t\t\t\t<\/a>\n\t\t\t\t\t\t\t\t<\/div>\n\t\t\t\t<\/div>\n\t\t\t\t<\/div>\n\t\t\t\t<\/div>\n\t\t\t\t<\/div>\n\t\t<div class=\"elementor-element elementor-element-074e636 animated-slow e-flex e-con-boxed elementor-invisible e-con e-parent\" data-id=\"074e636\" data-element_type=\"container\" data-e-type=\"container\" data-settings=\"{&quot;background_background&quot;:&quot;classic&quot;,&quot;animation&quot;:&quot;fadeIn&quot;}\">\n\t\t\t\t\t<div class=\"e-con-inner\">\n\t\t\t\t<div class=\"elementor-element elementor-element-b857cff elementor-widget elementor-widget-text-editor\" data-id=\"b857cff\" data-element_type=\"widget\" data-e-type=\"widget\" data-widget_type=\"text-editor.default\">\n\t\t\t\t\t\t\t\t\t<p>Sitio web: innovacore.group<br>\u00daltima actualizaci\u00f3n: 31\/01\/2026<\/p>\n<p>Innovacore Group LLC se compromete a garantizar la accesibilidad digital para las personas con discapacidad. Continuamos mejorando la experiencia de usuario para todos y aplicando las normas de accesibilidad pertinentes.<\/p>\n<p><b>1) OBJETIVO DE CONFORMIDAD<br><\/b>Nuestro objetivo es que el Sitio cumpla con las Directrices de Accesibilidad al Contenido en la Web (WCAG) 2.2, Nivel AA.<\/p>\n<p><b>2) ESTATUS DE CONFORMIDAD<br><\/b>Creemos que el Sitio actualmente es: plenamente conforme con WCAG 2.2 Nivel AA.<br>Estamos trabajando activamente para mejorar la accesibilidad y remediar los problemas a medida que se identifican.<\/p>\n<p><b>3) FUNCIONES DE ACCESIBILIDAD<br><\/b>Cuando es posible, el Sitio est\u00e1 dise\u00f1ado para apoyar:<br>&#8211; Navegaci\u00f3n por teclado<br>&#8211; Compatibilidad con lectores de pantalla<br>&#8211; Texto redimensionable y dise\u00f1os responsivos<br>&#8211; Contraste de color suficiente (donde sea factible)<br>&#8211; Etiquetas de formulario e mensajes de error claros (donde sea factible)<\/p>\n<p><b>4) LIMITACIONES CONOCIDAS<br><\/b>A pesar de nuestros esfuerzos, parte del contenido puede no ser totalmente accesible. Por ejemplo:<br>&#8211; Alg\u00fan contenido incrustado de terceros puede tener una limitaci\u00f3n.<br>&#8211; Conjunto de contraste de color insuficiente: Algunas combinaciones de colores de primer plano y fondo (texto, botones, enlaces o elementos de la interfaz) pueden no cumplir con los requisitos m\u00ednimos de contraste, lo que puede reducir la legibilidad para usuarios con baja visi\u00f3n o deficiencias en la visi\u00f3n de color.<br>&#8211; Enlaces sin un nombre discernible: Algunos enlaces (a menudo enlaces solo con iconos o anclas vac\u00edas) pueden no tener una etiqueta de texto visible o una etiqueta accesible (p. ej., aria-label), lo que puede dificultar su comprensi\u00f3n para los usuarios de lectores de pantalla.<br>&#8211; La estructura de encabezados no es secuencial: Algunas p\u00e1ginas pueden usar encabezados en un orden no jer\u00e1rquico (p. ej., saltando de H2 a H4), lo que puede hacer que la navegaci\u00f3n sea m\u00e1s dif\u00edcil para usuarios de lectores de pantalla y usuarios de teclado que se apoyan en los encabezados.<br>&#8211; Objetivos de toque\/pulsaci\u00f3n demasiado peque\u00f1os (m\u00f3vil): Algunos elementos interactivos (enlaces, botones, iconos) pueden tener un tama\u00f1o de objetivo o espaciado insuficiente, lo que dificulta activarlos con precisi\u00f3n en dispositivos t\u00e1ctiles o para usuarios con discapacidades motoras.<br>&#8211; Si encuentra un problema, p\u00f3ngase en contacto con nosotros e intentaremos proporcionar la informaci\u00f3n en un formato alternativo.<\/p>\n<p><b>5) INFORMACI\u00d3N Y CONTACTO<br><\/b>Si tiene dificultad para acceder a alguna parte del Sitio o necesita asistencia, p\u00f3ngase en contacto con nosotros:<br>Correo electr\u00f3nico: [info@innovacore.group]<br>Esperamos responder dentro de [5] d\u00edas h\u00e1biles.<\/p>\n<p><b>6) COMPATIBILIDAD<br><\/b>El Sitio est\u00e1 dise\u00f1ado para ser compatible con navegadores modernos y tecnolog\u00edas de asistencia. Para obtener los mejores resultados, se recomienda utilizar las versiones m\u00e1s recientes de Chrome, Edge, Firefox o Safari y lectores de pantalla actualizados.<\/p>\n<p><b>7) ENFOQUE DE EVALUACI\u00d3N<br><\/b>La accesibilidad se eval\u00faa mediante una combinaci\u00f3n de:<br>&#8211; Herramientas de pruebas automatizadas (p. ej., Lighthouse, axe, WAVE)<br>&#8211; Pruebas manuales con teclado<br>&#8211; Pruebas manuales con lectores de pantalla (donde est\u00e9 disponible)<\/p>\n<p>Tenemos previsto realizar: revisiones internas peri\u00f3dicas al menos una vez al a\u00f1o y despu\u00e9s de cambios importantes.<\/p>\n<p><b>8) QUEJAS FORMALMENTE PRESENTADAS (ESTADOS UNIDOS)<br><\/b>Si no est\u00e1 satisfecho con nuestra respuesta, puede presentar una queja relacionada con la accesibilidad ante el Departamento de Justicia de los EE. UU. bajo la Ley de Estadounidenses con Discapacidades (ADA) u buscar otros recursos disponibles conforme a la ley.<\/p>\n<p><b>9) ACTUALIZACIONES<br><\/b>Revisamos y actualizamos esta declaraci\u00f3n peri\u00f3dicamente y tras actualizaciones significativas del Sitio.<\/p>\t\t\t\t\t\t\t\t<\/div>\n\t\t\t\t\t<\/div>\n\t\t\t\t<\/div>\n\t\t\t\t<\/div>\n\t\t","protected":false},"excerpt":{"rendered":"<p>VOLVER A LA P\u00c1GINA DE INICIO Sitio web: innovacore.group\u00daltima actualizaci\u00f3n: 31\/01\/2026 Innovacore Group LLC se compromete a garantizar la accesibilidad digital para las personas con discapacidad. Continuamos mejorando la experiencia de usuario para todos y aplicando las normas de accesibilidad pertinentes. 1) OBJETIVO DE CONFORMIDADNuestro objetivo es que el Sitio cumpla con las Directrices de [&hellip;]<\/p>\n","protected":false},"author":1,"featured_media":2369,"parent":0,"menu_order":0,"comment_status":"closed","ping_status":"closed","template":"","meta":{"inline_featured_image":false,"footnotes":""},"class_list":["post-5013","page","type-page","status-publish","has-post-thumbnail","hentry"],"_links":{"self":[{"href":"https:\/\/innovacore.group\/es\/wp-json\/wp\/v2\/pages\/5013","targetHints":{"allow":["GET"]}}],"collection":[{"href":"https:\/\/innovacore.group\/es\/wp-json\/wp\/v2\/pages"}],"about":[{"href":"https:\/\/innovacore.group\/es\/wp-json\/wp\/v2\/types\/page"}],"author":[{"embeddable":true,"href":"https:\/\/innovacore.group\/es\/wp-json\/wp\/v2\/users\/1"}],"replies":[{"embeddable":true,"href":"https:\/\/innovacore.group\/es\/wp-json\/wp\/v2\/comments?post=5013"}],"version-history":[{"count":2,"href":"https:\/\/innovacore.group\/es\/wp-json\/wp\/v2\/pages\/5013\/revisions"}],"predecessor-version":[{"id":5045,"href":"https:\/\/innovacore.group\/es\/wp-json\/wp\/v2\/pages\/5013\/revisions\/5045"}],"wp:featuredmedia":[{"embeddable":true,"href":"https:\/\/innovacore.group\/es\/wp-json\/wp\/v2\/media\/2369"}],"wp:attachment":[{"href":"https:\/\/innovacore.group\/es\/wp-json\/wp\/v2\/media?parent=5013"}],"curies":[{"name":"wp","href":"https:\/\/api.w.org\/{rel}","templated":true}]}}